{"id":31,"date":"2024-01-29T09:31:55","date_gmt":"2024-01-29T08:31:55","guid":{"rendered":"https:\/\/cairocar.it\/index.php\/our-story\/"},"modified":"2024-12-06T13:07:50","modified_gmt":"2024-12-06T12:07:50","slug":"story","status":"publish","type":"page","link":"https:\/\/cairocar.it\/index.php\/story\/","title":{"rendered":"La Nostra Storia"},"content":{"rendered":"\t\t<div data-elementor-type=\"wp-page\" data-elementor-id=\"31\" class=\"elementor elementor-31\">\n\t\t\t\t<div class=\"elementor-element elementor-element-1f0650f e-flex e-con-boxed e-con e-parent\" data-id=\"1f0650f\" data-element_type=\"container\">\n\t\t\t\t\t<div class=\"e-con-inner\">\n\t\t\t\t<div class=\"elementor-element elementor-element-d3faace elementor-widget elementor-widget-spacer\" data-id=\"d3faace\" data-element_type=\"widget\" data-widget_type=\"spacer.default\">\n\t\t\t\t<div class=\"elementor-widget-container\">\n\t\t\t\t\t\t\t<div class=\"elementor-spacer\">\n\t\t\t<div class=\"elementor-spacer-inner\"><\/div>\n\t\t<\/div>\n\t\t\t\t\t\t<\/div>\n\t\t\t\t<\/div>\n\t\t\t\t\t<\/div>\n\t\t\t\t<\/div>\n\t\t<div class=\"elementor-element elementor-element-4f8e251 e-flex e-con-boxed e-con e-parent\" data-id=\"4f8e251\" data-element_type=\"container\">\n\t\t\t\t\t<div class=\"e-con-inner\">\n\t\t\t\t\t<\/div>\n\t\t\t\t<\/div>\n\t\t<div class=\"elementor-element elementor-element-83f8fbf e-flex e-con-boxed e-con e-parent\" data-id=\"83f8fbf\" data-element_type=\"container\">\n\t\t\t\t\t<div class=\"e-con-inner\">\n\t\t\t\t<div class=\"elementor-element elementor-element-784bb4c elementor-widget elementor-widget-spacer\" data-id=\"784bb4c\" data-element_type=\"widget\" data-widget_type=\"spacer.default\">\n\t\t\t\t<div class=\"elementor-widget-container\">\n\t\t\t\t\t\t\t<div class=\"elementor-spacer\">\n\t\t\t<div class=\"elementor-spacer-inner\"><\/div>\n\t\t<\/div>\n\t\t\t\t\t\t<\/div>\n\t\t\t\t<\/div>\n\t\t\t\t<div class=\"elementor-element elementor-element-86a7fd8 elementor-widget elementor-widget-heading\" data-id=\"86a7fd8\" data-element_type=\"widget\" data-widget_type=\"heading.default\">\n\t\t\t\t<div class=\"elementor-widget-container\">\n\t\t\t\t\t<h2 class=\"elementor-heading-title elementor-size-default\">La nostra storia<\/h2>\t\t\t\t<\/div>\n\t\t\t\t<\/div>\n\t\t\t\t<div class=\"elementor-element elementor-element-29cdd22 elementor-widget elementor-widget-spacer\" data-id=\"29cdd22\" data-element_type=\"widget\" data-widget_type=\"spacer.default\">\n\t\t\t\t<div class=\"elementor-widget-container\">\n\t\t\t\t\t\t\t<div class=\"elementor-spacer\">\n\t\t\t<div class=\"elementor-spacer-inner\"><\/div>\n\t\t<\/div>\n\t\t\t\t\t\t<\/div>\n\t\t\t\t<\/div>\n\t\t\t\t\t<\/div>\n\t\t\t\t<\/div>\n\t\t<div class=\"elementor-element elementor-element-3e20792 e-flex e-con-boxed e-con e-parent\" data-id=\"3e20792\" data-element_type=\"container\">\n\t\t\t\t\t<div class=\"e-con-inner\">\n\t\t<div class=\"elementor-element elementor-element-ba1ea37 e-con-full e-flex e-con e-child\" data-id=\"ba1ea37\" data-element_type=\"container\">\n\t\t<div class=\"elementor-element elementor-element-70d3bf2 e-con-full e-flex elementor-invisible e-con e-child\" data-id=\"70d3bf2\" data-element_type=\"container\" data-settings=\"{&quot;background_background&quot;:&quot;classic&quot;,&quot;animation&quot;:&quot;fadeInLeft&quot;}\">\n\t\t\t\t<\/div>\n\t\t<div class=\"elementor-element elementor-element-4ae5ea6 e-con-full e-flex e-con e-child\" data-id=\"4ae5ea6\" data-element_type=\"container\">\n\t\t\t\t<div class=\"elementor-element elementor-element-5d0ff4c elementor-invisible elementor-widget elementor-widget-text-editor\" data-id=\"5d0ff4c\" data-element_type=\"widget\" data-settings=\"{&quot;_animation&quot;:&quot;fadeInRight&quot;,&quot;_animation_delay&quot;:400}\" data-widget_type=\"text-editor.default\">\n\t\t\t\t<div class=\"elementor-widget-container\">\n\t\t\t\t\t\t\t\t\t<h2><span style=\"color: #999999; font-family: 'Helvetica Neue', Helvetica, Arial, sans-serif; font-size: 14px;\">Dal 1954 anni Cairocar \u00e8 un importante punto di riferimento per l&#8217;autonoleggio su tutto il territorio ligure. L&#8217;azienda dagli anni &#8217;80 ha, quindi, passato tutte le ultime grandi opere di ammodernamento delle auto, tenendosi sempre aggiornata e al passo coi tempi. Personale qualificato e pronto al dialogo per offrire la migliore consulenza possibile e proporre il servizio adatto alle esigenze della clientela. Cortesia e disponibilit\u00e0 sono prerogative essenziali dell&#8217;azienda. Le nostre auto passano ogni tipo di controllo sulla sicurezza. Inoltre scegliamo i modelli delle vetture seguendo criteri di preferenze del pubblico, optional, comfort e guidabilit\u00e0. Cerchiamo di avere una vasta gamma di auto differenti e per ogni tipo di esigenza e gusto del pubblico.<\/span><\/h2>\t\t\t\t\t\t\t\t<\/div>\n\t\t\t\t<\/div>\n\t\t\t\t<\/div>\n\t\t\t\t<\/div>\n\t\t<div class=\"elementor-element elementor-element-68e3212 e-con-full e-flex e-con e-child\" data-id=\"68e3212\" data-element_type=\"container\">\n\t\t<div class=\"elementor-element elementor-element-f1f6c07 e-con-full e-flex e-con e-child\" data-id=\"f1f6c07\" data-element_type=\"container\">\n\t\t\t\t<div class=\"elementor-element elementor-element-bc37e04 elementor-invisible elementor-widget elementor-widget-text-editor\" data-id=\"bc37e04\" data-element_type=\"widget\" data-settings=\"{&quot;_animation&quot;:&quot;fadeInLeft&quot;,&quot;_animation_delay&quot;:400}\" data-widget_type=\"text-editor.default\">\n\t\t\t\t<div class=\"elementor-widget-container\">\n\t\t\t\t\t\t\t\t\t<h2><span style=\"color: #999999; font-family: 'Helvetica Neue', Helvetica, Arial, sans-serif; font-size: 14px;\"><em>La nostra azienda, con sede a Genova, offre servizi di autonoleggio con conducente, garantendo comfort, eleganza e professionalit\u00e0 per ogni tipo di esigenza. Con una flotta di veicoli di classe e autisti esperti, il nostro servizio \u00e8 pensato per chi desidera spostarsi con stile e comodit\u00e0.<br \/>Che si tratti di viaggi privati, trasferte di lavoro, cene aziendali, momenti di tempo libero o brevi spostamenti, siamo in grado di rispondere con puntualit\u00e0 e discrezione. Offriamo anche soluzioni per tour culturali e occasioni speciali, assicurando un\u2019esperienza personalizzata e impeccabile.<br \/>Il nostro obiettivo \u00e8 rendere ogni viaggio un momento di comfort e tranquillit\u00e0, anche per le necessit\u00e0 pi\u00f9 urgenti.<\/em><\/span><\/h2><p><em>\u00a0<\/em><\/p>\t\t\t\t\t\t\t\t<\/div>\n\t\t\t\t<\/div>\n\t\t\t\t<\/div>\n\t\t<div class=\"elementor-element elementor-element-32e70af e-con-full e-flex elementor-invisible e-con e-child\" data-id=\"32e70af\" data-element_type=\"container\" data-settings=\"{&quot;background_background&quot;:&quot;classic&quot;,&quot;animation&quot;:&quot;fadeInRight&quot;}\">\n\t\t\t\t<\/div>\n\t\t\t\t<\/div>\n\t\t\t\t\t<\/div>\n\t\t\t\t<\/div>\n\t\t<div class=\"elementor-element elementor-element-454aa4f5 e-flex e-con-boxed e-con e-parent\" data-id=\"454aa4f5\" data-element_type=\"container\">\n\t\t\t\t\t<div class=\"e-con-inner\">\n\t\t\t\t<div class=\"elementor-element elementor-element-609f773c elementor-invisible elementor-widget elementor-widget-heading\" data-id=\"609f773c\" data-element_type=\"widget\" data-settings=\"{&quot;_animation&quot;:&quot;zoomIn&quot;}\" data-widget_type=\"heading.default\">\n\t\t\t\t<div class=\"elementor-widget-container\">\n\t\t\t\t\t<h2 class=\"elementor-heading-title elementor-size-default\">Perch\u00e9 Sceglierci<\/h2>\t\t\t\t<\/div>\n\t\t\t\t<\/div>\n\t\t<div class=\"elementor-element elementor-element-4b6b586 e-con-full e-flex e-con e-child\" data-id=\"4b6b586\" data-element_type=\"container\">\n\t\t<div class=\"elementor-element elementor-element-6aa6c5dc e-con-full e-flex elementor-invisible e-con e-child\" data-id=\"6aa6c5dc\" data-element_type=\"container\" data-settings=\"{&quot;background_background&quot;:&quot;classic&quot;,&quot;animation&quot;:&quot;zoomIn&quot;}\">\n\t\t\t\t<div class=\"elementor-element elementor-element-38eb14e8 elementor-widget elementor-widget-heading\" data-id=\"38eb14e8\" data-element_type=\"widget\" data-widget_type=\"heading.default\">\n\t\t\t\t<div class=\"elementor-widget-container\">\n\t\t\t\t\t<h4 class=\"elementor-heading-title elementor-size-default\"><h4 style=\"font-weight: var( --e-global-typography-392b9e0-font-weight ); line-height: var( --e-global-typography-392b9e0-line-height ); font-family: var( --e-global-typography-392b9e0-font-family ), Sans-serif; font-size: var( --e-global-typography-392b9e0-font-size ); text-transform: var( --e-global-typography-392b9e0-text-transform ); font-style: normal; text-decoration-thickness: initial; text-decoration-style: initial; text-decoration-color: initial; letter-spacing: normal; word-spacing: 0px; white-space-collapse: collapse;\">Ampia gamma di veicoli<span style=\"color: var( --e-global-color-primary ); font-family: var( --e-global-typography-392b9e0-font-family ), Sans-serif; font-size: var( --e-global-typography-392b9e0-font-size ); font-style: var( --e-global-typography-392b9e0-font-style ); font-weight: var( --e-global-typography-392b9e0-font-weight ); letter-spacing: var( --e-global-typography-392b9e0-letter-spacing ); text-transform: var( --e-global-typography-392b9e0-text-transform ); word-spacing: var( --e-global-typography-392b9e0-word-spacing ); white-space-collapse: preserve; background-color: var( --e-global-color-secondary );\"><\/span><\/h4><\/h4>\t\t\t\t<\/div>\n\t\t\t\t<\/div>\n\t\t\t\t<div class=\"elementor-element elementor-element-7ea228fa elementor-widget-divider--view-line elementor-widget elementor-widget-divider\" data-id=\"7ea228fa\" data-element_type=\"widget\" data-widget_type=\"divider.default\">\n\t\t\t\t<div class=\"elementor-widget-container\">\n\t\t\t\t\t\t\t<div class=\"elementor-divider\">\n\t\t\t<span class=\"elementor-divider-separator\">\n\t\t\t\t\t\t<\/span>\n\t\t<\/div>\n\t\t\t\t\t\t<\/div>\n\t\t\t\t<\/div>\n\t\t\t\t<div class=\"elementor-element elementor-element-3c82ac01 elementor-widget elementor-widget-text-editor\" data-id=\"3c82ac01\" data-element_type=\"widget\" data-widget_type=\"text-editor.default\">\n\t\t\t\t<div class=\"elementor-widget-container\">\n\t\t\t\t\t\t\t\t\t<p><span style=\"color: var( --e-global-color-text ); font-family: var( --e-global-typography-text-font-family ), Sans-serif; font-size: var( --e-global-typography-text-font-size ); font-style: var( --e-global-typography-text-font-style ); font-weight: var( --e-global-typography-text-font-weight ); letter-spacing: var( --e-global-typography-text-letter-spacing ); text-transform: var( --e-global-typography-text-text-transform ); background-color: var( --e-global-color-secondary );\">Da auto di lusso a lussuosi pullman, Cairocar offre veicoli per ogni tipo di viaggio, garantendo comfort e affidabilit\u00e0 in ogni spostamento<\/span><\/p>\t\t\t\t\t\t\t\t<\/div>\n\t\t\t\t<\/div>\n\t\t\t\t<\/div>\n\t\t<div class=\"elementor-element elementor-element-689f8e89 e-con-full e-flex elementor-invisible e-con e-child\" data-id=\"689f8e89\" data-element_type=\"container\" data-settings=\"{&quot;background_background&quot;:&quot;classic&quot;,&quot;animation&quot;:&quot;zoomIn&quot;}\">\n\t\t\t\t<div class=\"elementor-element elementor-element-d509a35 elementor-widget elementor-widget-heading\" data-id=\"d509a35\" data-element_type=\"widget\" data-widget_type=\"heading.default\">\n\t\t\t\t<div class=\"elementor-widget-container\">\n\t\t\t\t\t<h4 class=\"elementor-heading-title elementor-size-default\"><h4 style=\"font-weight: var( --e-global-typography-392b9e0-font-weight ); line-height: var( --e-global-typography-392b9e0-line-height ); font-family: var( --e-global-typography-392b9e0-font-family ), Sans-serif; font-size: var( --e-global-typography-392b9e0-font-size ); text-transform: var( --e-global-typography-392b9e0-text-transform ); font-style: normal; text-decoration-thickness: initial; text-decoration-style: initial; text-decoration-color: initial; letter-spacing: normal; word-spacing: 0px; white-space-collapse: collapse;\">Servizio NCC rapido e semplice<span style=\"color: var( --e-global-color-primary ); font-family: var( --e-global-typography-392b9e0-font-family ), Sans-serif; font-size: var( --e-global-typography-392b9e0-font-size ); font-style: var( --e-global-typography-392b9e0-font-style ); font-weight: var( --e-global-typography-392b9e0-font-weight ); letter-spacing: var( --e-global-typography-392b9e0-letter-spacing ); text-transform: var( --e-global-typography-392b9e0-text-transform ); word-spacing: var( --e-global-typography-392b9e0-word-spacing ); white-space-collapse: preserve; background-color: var( --e-global-color-secondary );\"><\/span><\/h4><\/h4>\t\t\t\t<\/div>\n\t\t\t\t<\/div>\n\t\t\t\t<div class=\"elementor-element elementor-element-43edb4eb elementor-widget-divider--view-line elementor-widget elementor-widget-divider\" data-id=\"43edb4eb\" data-element_type=\"widget\" data-widget_type=\"divider.default\">\n\t\t\t\t<div class=\"elementor-widget-container\">\n\t\t\t\t\t\t\t<div class=\"elementor-divider\">\n\t\t\t<span class=\"elementor-divider-separator\">\n\t\t\t\t\t\t<\/span>\n\t\t<\/div>\n\t\t\t\t\t\t<\/div>\n\t\t\t\t<\/div>\n\t\t\t\t<div class=\"elementor-element elementor-element-5b85cba elementor-widget elementor-widget-text-editor\" data-id=\"5b85cba\" data-element_type=\"widget\" data-widget_type=\"text-editor.default\">\n\t\t\t\t<div class=\"elementor-widget-container\">\n\t\t\t\t\t\t\t\t\t<p>Prenota il tuo veicolo in pochi minuti grazie alla nostra piattaforma online intuitiva, con conferma immediata oppure chiamando al nostro numero<\/p>\t\t\t\t\t\t\t\t<\/div>\n\t\t\t\t<\/div>\n\t\t\t\t<\/div>\n\t\t<div class=\"elementor-element elementor-element-1b7d7832 e-con-full e-flex elementor-invisible e-con e-child\" data-id=\"1b7d7832\" data-element_type=\"container\" data-settings=\"{&quot;background_background&quot;:&quot;classic&quot;,&quot;animation&quot;:&quot;zoomIn&quot;}\">\n\t\t\t\t<div class=\"elementor-element elementor-element-c6682d4 elementor-widget elementor-widget-heading\" data-id=\"c6682d4\" data-element_type=\"widget\" data-widget_type=\"heading.default\">\n\t\t\t\t<div class=\"elementor-widget-container\">\n\t\t\t\t\t<h4 class=\"elementor-heading-title elementor-size-default\"><h4 style=\"font-weight: var( --e-global-typography-392b9e0-font-weight ); line-height: var( --e-global-typography-392b9e0-line-height ); font-family: var( --e-global-typography-392b9e0-font-family ), Sans-serif; font-size: var( --e-global-typography-392b9e0-font-size ); text-transform: var( --e-global-typography-392b9e0-text-transform ); font-style: normal; text-decoration-thickness: initial; text-decoration-style: initial; text-decoration-color: initial; letter-spacing: normal; word-spacing: 0px; white-space-collapse: collapse;\">Veicoli sempre in perfette condizioni<span style=\"color: var( --e-global-color-primary ); font-family: var( --e-global-typography-392b9e0-font-family ), Sans-serif; font-size: var( --e-global-typography-392b9e0-font-size ); font-style: var( --e-global-typography-392b9e0-font-style ); font-weight: var( --e-global-typography-392b9e0-font-weight ); letter-spacing: var( --e-global-typography-392b9e0-letter-spacing ); text-transform: var( --e-global-typography-392b9e0-text-transform ); word-spacing: var( --e-global-typography-392b9e0-word-spacing ); white-space-collapse: preserve; background-color: var( --e-global-color-secondary );\"><\/span><\/h4><\/h4>\t\t\t\t<\/div>\n\t\t\t\t<\/div>\n\t\t\t\t<div class=\"elementor-element elementor-element-68e1194b elementor-widget-divider--view-line elementor-widget elementor-widget-divider\" data-id=\"68e1194b\" data-element_type=\"widget\" data-widget_type=\"divider.default\">\n\t\t\t\t<div class=\"elementor-widget-container\">\n\t\t\t\t\t\t\t<div class=\"elementor-divider\">\n\t\t\t<span class=\"elementor-divider-separator\">\n\t\t\t\t\t\t<\/span>\n\t\t<\/div>\n\t\t\t\t\t\t<\/div>\n\t\t\t\t<\/div>\n\t\t\t\t<div class=\"elementor-element elementor-element-179c976 elementor-widget elementor-widget-text-editor\" data-id=\"179c976\" data-element_type=\"widget\" data-widget_type=\"text-editor.default\">\n\t\t\t\t<div class=\"elementor-widget-container\">\n\t\t\t\t\t\t\t\t\t<p><span style=\"text-align: center;\">I nostri veicoli sono sottoposti a regolari controlli di manutenzione e pulizia per garantirti la massima sicurezza, comfort e affidabilit\u00e0 in ogni viaggio<\/span><\/p>\t\t\t\t\t\t\t\t<\/div>\n\t\t\t\t<\/div>\n\t\t\t\t<\/div>\n\t\t\t\t<\/div>\n\t\t\t\t\t<\/div>\n\t\t\t\t<\/div>\n\t\t<div class=\"elementor-element elementor-element-e9dc754 e-flex e-con-boxed e-con e-parent\" data-id=\"e9dc754\" data-element_type=\"container\">\n\t\t\t\t\t<div class=\"e-con-inner\">\n\t\t\t\t<div class=\"elementor-element elementor-element-1df301c elementor-widget elementor-widget-spacer\" data-id=\"1df301c\" data-element_type=\"widget\" data-widget_type=\"spacer.default\">\n\t\t\t\t<div class=\"elementor-widget-container\">\n\t\t\t\t\t\t\t<div class=\"elementor-spacer\">\n\t\t\t<div class=\"elementor-spacer-inner\"><\/div>\n\t\t<\/div>\n\t\t\t\t\t\t<\/div>\n\t\t\t\t<\/div>\n\t\t\t\t\t<\/div>\n\t\t\t\t<\/div>\n\t\t\t\t<\/div>\n\t\t","protected":false},"excerpt":{"rendered":"<p>La nostra storia Dal 1954 anni Cairocar \u00e8 un importante punto di riferimento per l&#8217;autonoleggio su tutto il territorio ligure. L&#8217;azienda dagli anni &#8217;80 ha, quindi, passato tutte le ultime grandi opere di ammodernamento delle auto, tenendosi sempre aggiornata e al passo coi tempi. Personale qualificato e pronto al dialogo per offrire la migliore consulenza [&hellip;]<\/p>\n","protected":false},"author":1,"featured_media":0,"parent":0,"menu_order":0,"comment_status":"closed","ping_status":"closed","template":"elementor_header_footer","meta":{"footnotes":""},"class_list":["post-31","page","type-page","status-publish","hentry"],"jetpack_sharing_enabled":true,"_links":{"self":[{"href":"https:\/\/cairocar.it\/index.php\/wp-json\/wp\/v2\/pages\/31","targetHints":{"allow":["GET"]}}],"collection":[{"href":"https:\/\/cairocar.it\/index.php\/wp-json\/wp\/v2\/pages"}],"about":[{"href":"https:\/\/cairocar.it\/index.php\/wp-json\/wp\/v2\/types\/page"}],"author":[{"embeddable":true,"href":"https:\/\/cairocar.it\/index.php\/wp-json\/wp\/v2\/users\/1"}],"replies":[{"embeddable":true,"href":"https:\/\/cairocar.it\/index.php\/wp-json\/wp\/v2\/comments?post=31"}],"version-history":[{"count":172,"href":"https:\/\/cairocar.it\/index.php\/wp-json\/wp\/v2\/pages\/31\/revisions"}],"predecessor-version":[{"id":1095,"href":"https:\/\/cairocar.it\/index.php\/wp-json\/wp\/v2\/pages\/31\/revisions\/1095"}],"wp:attachment":[{"href":"https:\/\/cairocar.it\/index.php\/wp-json\/wp\/v2\/media?parent=31"}],"curies":[{"name":"wp","href":"https:\/\/api.w.org\/{rel}","templated":true}]}}